{"id":9,"date":"2021-10-19T12:00:11","date_gmt":"2021-10-19T10:00:11","guid":{"rendered":"https:\/\/siteperso.info\/?page_id=9"},"modified":"2021-10-19T14:28:16","modified_gmt":"2021-10-19T12:28:16","slug":"accueil","status":"publish","type":"page","link":"https:\/\/siteperso.info\/","title":{"rendered":"Accueil"},"content":{"rendered":"\n<p>Vous voici dans mon espace personnel.<\/p>\n\n\n\n<p>Si vous venez pour des raisons professionnelles, vous trouverez mon curriculum vitae ainsi que d&rsquo;autres informations sur mon parcours et ma formation.<br><\/p>\n\n\n\n<p>Vous trouverez des photos, des articles sur la t\u00e9l\u00e9matique et la robotique, des liens, un coin enfants avec des origamis, ou encore des eBooks (livres \u00e9lectroniques) \u00e0 t\u00e9l\u00e9charger<\/p>\n\n\n\n<p><\/p>\n\n\n\n<p><\/p>\n","protected":false},"excerpt":{"rendered":"<p>Vous voici dans mon espace personnel. Si vous venez pour des raisons professionnelles, vous trouverez mon curriculum vitae ainsi que d&rsquo;autres informations sur mon parcours et ma formation. Vous trouverez des photos, des articles sur la t\u00e9l\u00e9matique et la robotique, des liens, un coin enfants avec des origamis, ou encore des eBooks (livres \u00e9lectroniques) \u00e0 &hellip; <\/p>\n<p class=\"link-more\"><a href=\"https:\/\/siteperso.info\/\" class=\"more-link\">Continuer la lecture<span class=\"screen-reader-text\"> de &laquo;&nbsp;Accueil&nbsp;&raquo;<\/span><\/a><\/p>\n","protected":false},"author":1,"featured_media":0,"parent":0,"menu_order":0,"comment_status":"closed","ping_status":"closed","template":"","meta":{"footnotes":""},"class_list":["post-9","page","type-page","status-publish","hentry"],"_links":{"self":[{"href":"https:\/\/siteperso.info\/index.php\/wp-json\/wp\/v2\/pages\/9","targetHints":{"allow":["GET"]}}],"collection":[{"href":"https:\/\/siteperso.info\/index.php\/wp-json\/wp\/v2\/pages"}],"about":[{"href":"https:\/\/siteperso.info\/index.php\/wp-json\/wp\/v2\/types\/page"}],"author":[{"embeddable":true,"href":"https:\/\/siteperso.info\/index.php\/wp-json\/wp\/v2\/users\/1"}],"replies":[{"embeddable":true,"href":"https:\/\/siteperso.info\/index.php\/wp-json\/wp\/v2\/comments?post=9"}],"version-history":[{"count":2,"href":"https:\/\/siteperso.info\/index.php\/wp-json\/wp\/v2\/pages\/9\/revisions"}],"predecessor-version":[{"id":268,"href":"https:\/\/siteperso.info\/index.php\/wp-json\/wp\/v2\/pages\/9\/revisions\/268"}],"wp:attachment":[{"href":"https:\/\/siteperso.info\/index.php\/wp-json\/wp\/v2\/media?parent=9"}],"curies":[{"name":"wp","href":"https:\/\/api.w.org\/{rel}","templated":true}]}}