{"id":2939,"date":"2022-04-09T16:53:48","date_gmt":"2022-04-09T14:53:48","guid":{"rendered":"https:\/\/siteperso.info\/?page_id=2939"},"modified":"2022-04-09T17:18:51","modified_gmt":"2022-04-09T15:18:51","slug":"boitier","status":"publish","type":"page","link":"https:\/\/siteperso.info\/index.php\/robotique\/hydroponie\/boitier\/","title":{"rendered":"SHI-NFT &#8211; Boitier"},"content":{"rendered":"\n<p>J&rsquo;ai pris un boitier en ABS (acrylonitrile butadi\u00e8ne styr\u00e8ne). Pour les dimensions j&rsquo;ai choisi \u00e0 la louche. Je ne sais m\u00eame pas quelles parties du projet je vais y loger. A fortiori tout sauf les pompes p\u00e9ristaltiques et l&rsquo;\u00e9lectronique qui va avec (relais, microcontr\u00f4leurs). Il n&rsquo;est pas \u00e9tanche car il poss\u00e8des des a\u00e9rations pour la dissipation de la chaleur. Je ne sais absolument pas g\u00e9rer la dissipation de la chaleur dans un boitier \u00e9tanche. C&rsquo;est probablement la pi\u00e8ce la plus ch\u00e8re hors microcontr\u00f4leurs car je l&rsquo;ai pay\u00e9 25,33 \u20ac. Il poss\u00e8de des pas de vis dont les espacements correspondent \u00e0 la fois aux Arduino UNO et aux Raspberry Pi.  Il mesure 76mm de hauteur, 200mm de largeur et 190mm de profondeur. Il p\u00e8se 451g. C&rsquo;est vendu <\/p>\n\n\n\n<figure class=\"wp-block-image size-large is-style-default\"><img loading=\"lazy\" decoding=\"async\" width=\"1024\" height=\"712\" src=\"https:\/\/siteperso.info\/wp-content\/uploads\/2022\/02\/BoitierABS-1024x712.jpg\" alt=\"\" class=\"wp-image-2229\" srcset=\"https:\/\/siteperso.info\/wp-content\/uploads\/2022\/02\/BoitierABS-1024x712.jpg 1024w, https:\/\/siteperso.info\/wp-content\/uploads\/2022\/02\/BoitierABS-300x209.jpg 300w, https:\/\/siteperso.info\/wp-content\/uploads\/2022\/02\/BoitierABS-768x534.jpg 768w, https:\/\/siteperso.info\/wp-content\/uploads\/2022\/02\/BoitierABS.jpg 1500w\" sizes=\"auto, (max-width: 767px) 89vw, (max-width: 1000px) 54vw, (max-width: 1071px) 543px, 580px\" \/><\/figure>\n\n\n\n<figure class=\"wp-block-image size-large is-style-default\"><img loading=\"lazy\" decoding=\"async\" width=\"1024\" height=\"788\" src=\"https:\/\/siteperso.info\/wp-content\/uploads\/2022\/02\/BoitierABSPhoto-1024x788.jpg\" alt=\"\" class=\"wp-image-2234\" srcset=\"https:\/\/siteperso.info\/wp-content\/uploads\/2022\/02\/BoitierABSPhoto-1024x788.jpg 1024w, https:\/\/siteperso.info\/wp-content\/uploads\/2022\/02\/BoitierABSPhoto-300x231.jpg 300w, https:\/\/siteperso.info\/wp-content\/uploads\/2022\/02\/BoitierABSPhoto-768x591.jpg 768w, https:\/\/siteperso.info\/wp-content\/uploads\/2022\/02\/BoitierABSPhoto.jpg 1500w\" sizes=\"auto, (max-width: 767px) 89vw, (max-width: 1000px) 54vw, (max-width: 1071px) 543px, 580px\" \/><\/figure>\n\n\n\n<p>D\u00e9j\u00e0 j&rsquo;ai t\u00e2ch\u00e9 de prototyper l&rsquo;ensemble pour tenir dans ce boitier, en bois. Vu que j&rsquo;aime les choses propres, je ferais d\u00e9couper au laser mon boitier quand je serais bien certain que cela fonctionne. En m\u00eame temps je fais le sch\u00e9ma en 3D sur <a href=\"https:\/\/www.tinkercad.com\/\">Tinkercad<\/a>, en vue de la d\u00e9coupe.<\/p>\n\n\n\n<div class=\"wp-block-image is-style-default\"><figure class=\"aligncenter size-large\"><img loading=\"lazy\" decoding=\"async\" width=\"1024\" height=\"766\" src=\"https:\/\/siteperso.info\/wp-content\/uploads\/2022\/03\/Prototype_FA_01-1024x766.jpg\" alt=\"\" class=\"wp-image-2407\" srcset=\"https:\/\/siteperso.info\/wp-content\/uploads\/2022\/03\/Prototype_FA_01-1024x766.jpg 1024w, https:\/\/siteperso.info\/wp-content\/uploads\/2022\/03\/Prototype_FA_01-300x224.jpg 300w, https:\/\/siteperso.info\/wp-content\/uploads\/2022\/03\/Prototype_FA_01-768x575.jpg 768w, https:\/\/siteperso.info\/wp-content\/uploads\/2022\/03\/Prototype_FA_01-1536x1149.jpg 1536w, https:\/\/siteperso.info\/wp-content\/uploads\/2022\/03\/Prototype_FA_01.jpg 2048w\" sizes=\"auto, (max-width: 767px) 89vw, (max-width: 1000px) 54vw, (max-width: 1071px) 543px, 580px\" \/><\/figure><\/div>\n\n\n\n<div class=\"wp-block-image is-style-default\"><figure class=\"aligncenter size-large\"><img loading=\"lazy\" decoding=\"async\" width=\"1024\" height=\"766\" src=\"https:\/\/siteperso.info\/wp-content\/uploads\/2022\/03\/Prototype_FA_02-1024x766.jpg\" alt=\"\" class=\"wp-image-2408\" srcset=\"https:\/\/siteperso.info\/wp-content\/uploads\/2022\/03\/Prototype_FA_02-1024x766.jpg 1024w, https:\/\/siteperso.info\/wp-content\/uploads\/2022\/03\/Prototype_FA_02-300x224.jpg 300w, https:\/\/siteperso.info\/wp-content\/uploads\/2022\/03\/Prototype_FA_02-768x574.jpg 768w, https:\/\/siteperso.info\/wp-content\/uploads\/2022\/03\/Prototype_FA_02.jpg 1440w\" sizes=\"auto, (max-width: 767px) 89vw, (max-width: 1000px) 54vw, (max-width: 1071px) 543px, 580px\" \/><\/figure><\/div>\n\n\n\n<div class=\"wp-block-image is-style-default\"><figure class=\"aligncenter size-large\"><img loading=\"lazy\" decoding=\"async\" width=\"1024\" height=\"766\" src=\"https:\/\/siteperso.info\/wp-content\/uploads\/2022\/03\/Prototype_FA_03-1024x766.jpg\" alt=\"\" class=\"wp-image-2409\" srcset=\"https:\/\/siteperso.info\/wp-content\/uploads\/2022\/03\/Prototype_FA_03-1024x766.jpg 1024w, https:\/\/siteperso.info\/wp-content\/uploads\/2022\/03\/Prototype_FA_03-300x224.jpg 300w, https:\/\/siteperso.info\/wp-content\/uploads\/2022\/03\/Prototype_FA_03-768x574.jpg 768w, https:\/\/siteperso.info\/wp-content\/uploads\/2022\/03\/Prototype_FA_03.jpg 1440w\" sizes=\"auto, (max-width: 767px) 89vw, (max-width: 1000px) 54vw, (max-width: 1071px) 543px, 580px\" \/><\/figure><\/div>\n\n\n\n<div class=\"wp-block-image is-style-default\"><figure class=\"aligncenter size-large\"><img loading=\"lazy\" decoding=\"async\" width=\"1024\" height=\"639\" src=\"https:\/\/siteperso.info\/wp-content\/uploads\/2022\/03\/Modele3DFA01-1024x639.png\" alt=\"\" class=\"wp-image-2417\" srcset=\"https:\/\/siteperso.info\/wp-content\/uploads\/2022\/03\/Modele3DFA01-1024x639.png 1024w, https:\/\/siteperso.info\/wp-content\/uploads\/2022\/03\/Modele3DFA01-300x187.png 300w, https:\/\/siteperso.info\/wp-content\/uploads\/2022\/03\/Modele3DFA01-768x479.png 768w, https:\/\/siteperso.info\/wp-content\/uploads\/2022\/03\/Modele3DFA01.png 1197w\" sizes=\"auto, (max-width: 767px) 89vw, (max-width: 1000px) 54vw, (max-width: 1071px) 543px, 580px\" \/><\/figure><\/div>\n\n\n\n<p>Bon en gros, je me suis plant\u00e9 sur le premier essai, les trous du bas sont trop \u00e0 gauche. Revoir ma formule et mes plans ! On va toujours commencer \u00e0 tester le reste avec ce prototype rat\u00e9. J&rsquo;ai deux sortes de caches et de fixations pour les pompes. J&rsquo;essaie de tout caser.<\/p>\n","protected":false},"excerpt":{"rendered":"<p>J&rsquo;ai pris un boitier en ABS (acrylonitrile butadi\u00e8ne styr\u00e8ne). Pour les dimensions j&rsquo;ai choisi \u00e0 la louche. Je ne sais m\u00eame pas quelles parties du projet je vais y loger. A fortiori tout sauf les pompes p\u00e9ristaltiques et l&rsquo;\u00e9lectronique qui va avec (relais, microcontr\u00f4leurs). Il n&rsquo;est pas \u00e9tanche car il poss\u00e8des des a\u00e9rations pour la &hellip; <\/p>\n<p class=\"link-more\"><a href=\"https:\/\/siteperso.info\/index.php\/robotique\/hydroponie\/boitier\/\" class=\"more-link\">Continuer la lecture<span class=\"screen-reader-text\"> de &laquo;&nbsp;SHI-NFT &#8211; Boitier&nbsp;&raquo;<\/span><\/a><\/p>\n","protected":false},"author":1,"featured_media":0,"parent":2426,"menu_order":0,"comment_status":"closed","ping_status":"closed","template":"","meta":{"footnotes":""},"class_list":["post-2939","page","type-page","status-publish","hentry"],"_links":{"self":[{"href":"https:\/\/siteperso.info\/index.php\/wp-json\/wp\/v2\/pages\/2939","targetHints":{"allow":["GET"]}}],"collection":[{"href":"https:\/\/siteperso.info\/index.php\/wp-json\/wp\/v2\/pages"}],"about":[{"href":"https:\/\/siteperso.info\/index.php\/wp-json\/wp\/v2\/types\/page"}],"author":[{"embeddable":true,"href":"https:\/\/siteperso.info\/index.php\/wp-json\/wp\/v2\/users\/1"}],"replies":[{"embeddable":true,"href":"https:\/\/siteperso.info\/index.php\/wp-json\/wp\/v2\/comments?post=2939"}],"version-history":[{"count":2,"href":"https:\/\/siteperso.info\/index.php\/wp-json\/wp\/v2\/pages\/2939\/revisions"}],"predecessor-version":[{"id":2947,"href":"https:\/\/siteperso.info\/index.php\/wp-json\/wp\/v2\/pages\/2939\/revisions\/2947"}],"up":[{"embeddable":true,"href":"https:\/\/siteperso.info\/index.php\/wp-json\/wp\/v2\/pages\/2426"}],"wp:attachment":[{"href":"https:\/\/siteperso.info\/index.php\/wp-json\/wp\/v2\/media?parent=2939"}],"curies":[{"name":"wp","href":"https:\/\/api.w.org\/{rel}","templated":true}]}}