{"id":2932,"date":"2022-04-09T16:49:22","date_gmt":"2022-04-09T14:49:22","guid":{"rendered":"https:\/\/siteperso.info\/?page_id=2932"},"modified":"2022-04-09T16:49:23","modified_gmt":"2022-04-09T14:49:23","slug":"bouteilles","status":"publish","type":"page","link":"https:\/\/siteperso.info\/index.php\/robotique\/hydroponie\/bouteilles\/","title":{"rendered":"SHI-NFT &#8211; Part 3.2 : 8 bouteilles"},"content":{"rendered":"\n<p>Pour pers\u00e9v\u00e9rer sur la continuit\u00e9 de mes couleurs de pompes, j&rsquo;ai pris des bouteilles qui rappellent la m\u00eame signal\u00e9tique pour y loger les nutriments et correcteurs.<\/p>\n\n\n\n<figure class=\"wp-block-image size-large is-style-default\"><img loading=\"lazy\" decoding=\"async\" width=\"1024\" height=\"915\" src=\"https:\/\/siteperso.info\/wp-content\/uploads\/2022\/02\/bouteilles-1024x915.jpg\" alt=\"\" class=\"wp-image-1638\" srcset=\"https:\/\/siteperso.info\/wp-content\/uploads\/2022\/02\/bouteilles-1024x915.jpg 1024w, https:\/\/siteperso.info\/wp-content\/uploads\/2022\/02\/bouteilles-300x268.jpg 300w, https:\/\/siteperso.info\/wp-content\/uploads\/2022\/02\/bouteilles-768x687.jpg 768w, https:\/\/siteperso.info\/wp-content\/uploads\/2022\/02\/bouteilles.jpg 1254w\" sizes=\"auto, (max-width: 767px) 89vw, (max-width: 1000px) 54vw, (max-width: 1071px) 543px, 580px\" \/><\/figure>\n\n\n\n<p>Pour les bouteilles, je souhaite ajouter la fonctionnalit\u00e9 de savoir s&rsquo;il vient \u00e0 manquer d&rsquo;un liquide. Je vais donc faire un casier intelligent, capable de peser chacune d&rsquo;elle.<\/p>\n\n\n\n<p>Dimension de chaque bouteille : 8.6 x 6.6 x 21.5 centim\u00e8tres.<\/p>\n","protected":false},"excerpt":{"rendered":"<p>Pour pers\u00e9v\u00e9rer sur la continuit\u00e9 de mes couleurs de pompes, j&rsquo;ai pris des bouteilles qui rappellent la m\u00eame signal\u00e9tique pour y loger les nutriments et correcteurs. Pour les bouteilles, je souhaite ajouter la fonctionnalit\u00e9 de savoir s&rsquo;il vient \u00e0 manquer d&rsquo;un liquide. Je vais donc faire un casier intelligent, capable de peser chacune d&rsquo;elle. Dimension &hellip; <\/p>\n<p class=\"link-more\"><a href=\"https:\/\/siteperso.info\/index.php\/robotique\/hydroponie\/bouteilles\/\" class=\"more-link\">Continuer la lecture<span class=\"screen-reader-text\"> de &laquo;&nbsp;SHI-NFT &#8211; Part 3.2 : 8 bouteilles&nbsp;&raquo;<\/span><\/a><\/p>\n","protected":false},"author":1,"featured_media":0,"parent":2426,"menu_order":0,"comment_status":"closed","ping_status":"closed","template":"","meta":{"footnotes":""},"class_list":["post-2932","page","type-page","status-publish","hentry"],"_links":{"self":[{"href":"https:\/\/siteperso.info\/index.php\/wp-json\/wp\/v2\/pages\/2932","targetHints":{"allow":["GET"]}}],"collection":[{"href":"https:\/\/siteperso.info\/index.php\/wp-json\/wp\/v2\/pages"}],"about":[{"href":"https:\/\/siteperso.info\/index.php\/wp-json\/wp\/v2\/types\/page"}],"author":[{"embeddable":true,"href":"https:\/\/siteperso.info\/index.php\/wp-json\/wp\/v2\/users\/1"}],"replies":[{"embeddable":true,"href":"https:\/\/siteperso.info\/index.php\/wp-json\/wp\/v2\/comments?post=2932"}],"version-history":[{"count":1,"href":"https:\/\/siteperso.info\/index.php\/wp-json\/wp\/v2\/pages\/2932\/revisions"}],"predecessor-version":[{"id":2934,"href":"https:\/\/siteperso.info\/index.php\/wp-json\/wp\/v2\/pages\/2932\/revisions\/2934"}],"up":[{"embeddable":true,"href":"https:\/\/siteperso.info\/index.php\/wp-json\/wp\/v2\/pages\/2426"}],"wp:attachment":[{"href":"https:\/\/siteperso.info\/index.php\/wp-json\/wp\/v2\/media?parent=2932"}],"curies":[{"name":"wp","href":"https:\/\/api.w.org\/{rel}","templated":true}]}}