{"id":2923,"date":"2022-04-09T16:41:19","date_gmt":"2022-04-09T14:41:19","guid":{"rendered":"https:\/\/siteperso.info\/?page_id=2923"},"modified":"2022-04-09T16:41:19","modified_gmt":"2022-04-09T14:41:19","slug":"pompes-peristaltiques","status":"publish","type":"page","link":"https:\/\/siteperso.info\/index.php\/robotique\/hydroponie\/pompes-peristaltiques\/","title":{"rendered":"SHI-NFT &#8211; Part 3.1 : Pompes p\u00e9ristaltiques 8 voies 12Vcc"},"content":{"rendered":"\n<h2 class=\"has-large-font-size wp-block-heading\" id=\"pompes-doseuses-automatiques\">Pompes doseuses automatiques<\/h2>\n\n\n\n<p>L&rsquo;on rentre dans le domaine de la robotique avec la conception d&rsquo;un syst\u00e8me capable de distribuer 4 liquides ind\u00e9pendamment les uns des autres. Ce sont donc 4 pompes p\u00e9ristaltiques qui vont modifier la solution nutritive. Il existe d\u00e9j\u00e0 des appareils sur la march\u00e9 mais je souhaite en r\u00e9aliser un par moi-m\u00eame, qu&rsquo;il ne soit pas propri\u00e9taire et avec une touche personnelle.<\/p>\n\n\n\n<div class=\"wp-block-image is-style-default\"><figure class=\"aligncenter size-full\"><img loading=\"lazy\" decoding=\"async\" width=\"500\" height=\"500\" src=\"https:\/\/siteperso.info\/wp-content\/uploads\/2022\/02\/pompe-doseuse-jebao.jpeg\" alt=\"\" class=\"wp-image-1607\" srcset=\"https:\/\/siteperso.info\/wp-content\/uploads\/2022\/02\/pompe-doseuse-jebao.jpeg 500w, https:\/\/siteperso.info\/wp-content\/uploads\/2022\/02\/pompe-doseuse-jebao-300x300.jpeg 300w, https:\/\/siteperso.info\/wp-content\/uploads\/2022\/02\/pompe-doseuse-jebao-150x150.jpeg 150w, https:\/\/siteperso.info\/wp-content\/uploads\/2022\/02\/pompe-doseuse-jebao-100x100.jpeg 100w\" sizes=\"auto, (max-width: 500px) 100vw, 500px\" \/><figcaption>Pompe 4 voies du commerce (Jebao DP-4).<\/figcaption><\/figure><\/div>\n\n\n\n<p>Pour mon mod\u00e8le, j&rsquo;ai pris des pompes p\u00e9ristaltiques de couleurs diff\u00e9rentes, de mani\u00e8re \u00e0 pouvoir plus facilement identifier les liquides attribu\u00e9s.<\/p>\n\n\n\n<p>Les 4 couleurs de pompes sont jaune, verte, noire et bleue. Que l&rsquo;on pourrait attribuer par exemple comme ceci :<\/p>\n\n\n\n<div class=\"wp-block-columns is-layout-flex wp-container-core-columns-is-layout-9d6595d7 wp-block-columns-is-layout-flex\">\n<div class=\"wp-block-column is-layout-flow wp-block-column-is-layout-flow\" style=\"flex-basis:100%\">\n<figure class=\"wp-block-table is-style-regular has-small-font-size\"><table><tbody><tr><td><strong>Couleur<\/strong><\/td><td><strong>Liquide<\/strong><\/td><\/tr><tr><td>Jaune<\/td><td>Nutriments de croissance<\/td><\/tr><tr><td>Verte<\/td><td>Nutriments de floraison<\/td><\/tr><tr><td>Noire<\/td><td>Correction du pH (Up)<\/td><\/tr><tr><td>Bleue<\/td><td>Correction du nitrate<\/td><\/tr><\/tbody><\/table><\/figure>\n<\/div>\n<\/div>\n\n\n\n<p>La pompe existe aussi en blanc. Ce qui fait une couleur de r\u00e9serve.<\/p>\n\n\n\n<figure class=\"wp-block-image size-full is-style-default\"><img loading=\"lazy\" decoding=\"async\" width=\"800\" height=\"800\" src=\"https:\/\/siteperso.info\/wp-content\/uploads\/2022\/02\/pompes-couleurs-e1644752633349.webp\" alt=\"\" class=\"wp-image-1623\" srcset=\"https:\/\/siteperso.info\/wp-content\/uploads\/2022\/02\/pompes-couleurs-e1644752633349.webp 800w, https:\/\/siteperso.info\/wp-content\/uploads\/2022\/02\/pompes-couleurs-e1644752633349-300x300.webp 300w, https:\/\/siteperso.info\/wp-content\/uploads\/2022\/02\/pompes-couleurs-e1644752633349-150x150.webp 150w, https:\/\/siteperso.info\/wp-content\/uploads\/2022\/02\/pompes-couleurs-e1644752633349-768x768.webp 768w, https:\/\/siteperso.info\/wp-content\/uploads\/2022\/02\/pompes-couleurs-e1644752633349-100x100.webp 100w\" sizes=\"auto, (max-width: 767px) 89vw, (max-width: 1000px) 54vw, (max-width: 1071px) 543px, 580px\" \/><\/figure>\n","protected":false},"excerpt":{"rendered":"<p>Pompes doseuses automatiques L&rsquo;on rentre dans le domaine de la robotique avec la conception d&rsquo;un syst\u00e8me capable de distribuer 4 liquides ind\u00e9pendamment les uns des autres. Ce sont donc 4 pompes p\u00e9ristaltiques qui vont modifier la solution nutritive. Il existe d\u00e9j\u00e0 des appareils sur la march\u00e9 mais je souhaite en r\u00e9aliser un par moi-m\u00eame, qu&rsquo;il &hellip; <\/p>\n<p class=\"link-more\"><a href=\"https:\/\/siteperso.info\/index.php\/robotique\/hydroponie\/pompes-peristaltiques\/\" class=\"more-link\">Continuer la lecture<span class=\"screen-reader-text\"> de &laquo;&nbsp;SHI-NFT &#8211; Part 3.1 : Pompes p\u00e9ristaltiques 8 voies 12Vcc&nbsp;&raquo;<\/span><\/a><\/p>\n","protected":false},"author":1,"featured_media":0,"parent":2426,"menu_order":0,"comment_status":"closed","ping_status":"closed","template":"","meta":{"footnotes":""},"class_list":["post-2923","page","type-page","status-publish","hentry"],"_links":{"self":[{"href":"https:\/\/siteperso.info\/index.php\/wp-json\/wp\/v2\/pages\/2923","targetHints":{"allow":["GET"]}}],"collection":[{"href":"https:\/\/siteperso.info\/index.php\/wp-json\/wp\/v2\/pages"}],"about":[{"href":"https:\/\/siteperso.info\/index.php\/wp-json\/wp\/v2\/types\/page"}],"author":[{"embeddable":true,"href":"https:\/\/siteperso.info\/index.php\/wp-json\/wp\/v2\/users\/1"}],"replies":[{"embeddable":true,"href":"https:\/\/siteperso.info\/index.php\/wp-json\/wp\/v2\/comments?post=2923"}],"version-history":[{"count":1,"href":"https:\/\/siteperso.info\/index.php\/wp-json\/wp\/v2\/pages\/2923\/revisions"}],"predecessor-version":[{"id":2924,"href":"https:\/\/siteperso.info\/index.php\/wp-json\/wp\/v2\/pages\/2923\/revisions\/2924"}],"up":[{"embeddable":true,"href":"https:\/\/siteperso.info\/index.php\/wp-json\/wp\/v2\/pages\/2426"}],"wp:attachment":[{"href":"https:\/\/siteperso.info\/index.php\/wp-json\/wp\/v2\/media?parent=2923"}],"curies":[{"name":"wp","href":"https:\/\/api.w.org\/{rel}","templated":true}]}}