{"id":2876,"date":"2022-04-09T11:51:38","date_gmt":"2022-04-09T09:51:38","guid":{"rendered":"https:\/\/siteperso.info\/?page_id=2876"},"modified":"2022-04-09T20:44:08","modified_gmt":"2022-04-09T18:44:08","slug":"presentation","status":"publish","type":"page","link":"https:\/\/siteperso.info\/index.php\/robotique\/hydroponie\/presentation\/","title":{"rendered":"SHI-NFT &#8211; Pr\u00e9sentation"},"content":{"rendered":"\n<p class=\"has-drop-cap\">Me voici lanc\u00e9 dans un nouveau projet de robotique qui devrait m&rsquo;occuper bien sagement pendant quelques semaines ou mois. Ce robot de ne se d\u00e9placera pas mais fera simplement pousser des laitues en culture hydroponique. Il existe diff\u00e9rents syst\u00e8mes hydroponiques. Les syst\u00e8mes passifs, les syst\u00e8mes \u00e0 mar\u00e9e, de goutte \u00e0 goutte. Mon projet se sp\u00e9cialise sur du NFT.<\/p>\n\n\n\n<div class=\"wp-block-media-text alignwide has-media-on-the-right is-stacked-on-mobile is-vertically-aligned-center\" style=\"grid-template-columns:auto 40%\"><figure class=\"wp-block-media-text__media\"><img loading=\"lazy\" decoding=\"async\" width=\"354\" height=\"499\" src=\"https:\/\/siteperso.info\/wp-content\/uploads\/2022\/02\/HydroponiePourTous.jpg\" alt=\"\" class=\"wp-image-1961 size-full\" srcset=\"https:\/\/siteperso.info\/wp-content\/uploads\/2022\/02\/HydroponiePourTous.jpg 354w, https:\/\/siteperso.info\/wp-content\/uploads\/2022\/02\/HydroponiePourTous-213x300.jpg 213w\" sizes=\"auto, (max-width: 354px) 100vw, 354px\" \/><\/figure><div class=\"wp-block-media-text__content\">\n<p class=\"has-cyan-bluish-gray-color has-text-color has-medium-font-size\">Pour une bonne lecture sur le sujet de l&rsquo;hydroponie, je vous recommande l&rsquo;ouvrage de William Texier : \u00ab\u00a0L&rsquo;Hydroponie pour tous &#8211; Tout sur l&rsquo;horticulture \u00e0 la maison\u00a0\u00bb.<\/p>\n<\/div><\/div>\n\n\n\n<p><strong>Caract\u00e9ristiques g\u00e9n\u00e9rales :<\/strong><\/p>\n\n\n\n<p>Le NFT comporte 2 \u00e9tages de 4 tuyaux et chaque tuyau poss\u00e8de 7 trous pour un total de 72 emplacements de pousse.<\/p>\n\n\n\n<p>Un puisard intelligent d\u00e9tecte le niveau de son contenu, la temp\u00e9rature, le pH, le TDS et l&rsquo;EC de la solution. Avec les donn\u00e9es obtenues il est capable de modifier la solution \u00e0 l&rsquo;aide des contenus de 8 bouteilles achemin\u00e9s via 8 pompes p\u00e9ristaltiques. Ces 8 bouteilles sont pes\u00e9es afin de d\u00e9terminer leur niveau de remplissage.<\/p>\n\n\n\n<p>Le syst\u00e8me peut aussi g\u00e9rer 2 jeux de lampes de croissance,  la pompe principale et un Groupe Froid. Au total, il y a 12 relais.<\/p>\n\n\n\n<p>Il faut un seul c\u00e2ble d&rsquo;alimentation pour alimenter 4 circuits : 220Vdc, 12Vcc (pompes p\u00e9ristaltiques), 5Vcc (contr\u00f4leur, modules relais) et 3,3Vcc (sondes). Le circuit de 12Vcc est assur\u00e9 par une alimentation d\u00e9di\u00e9e, les circuits de 5Vcc et de 3,3Vcc par des r\u00e9gulateurs de tension.<\/p>\n\n\n\n<p>Le syst\u00e8me peut \u00eatre consult\u00e9 et param\u00e9tr\u00e9 soit via une interface web, soit via un \u00e9cran tactile de proximit\u00e9. Il est muni d&rsquo;une interface sonore.<\/p>\n\n\n\n<p>L&rsquo;intelligence principale repose sur un Raspberry Pi 4. Une partie des portes est d\u00e9l\u00e9gu\u00e9e \u00e0 un Arduino UNO connect\u00e9 au Raspberry Pi via un i2c, par exemple la gestion des relais. L&rsquo;\u00e9cran tactile est dot\u00e9 d&rsquo;un microcontr\u00f4leur et d&rsquo;une carte SD ainsi l&rsquo;UI\/UX est autonome.<\/p>\n\n\n\n<p><br><\/p>\n","protected":false},"excerpt":{"rendered":"<p>Me voici lanc\u00e9 dans un nouveau projet de robotique qui devrait m&rsquo;occuper bien sagement pendant quelques semaines ou mois. Ce robot de ne se d\u00e9placera pas mais fera simplement pousser des laitues en culture hydroponique. Il existe diff\u00e9rents syst\u00e8mes hydroponiques. Les syst\u00e8mes passifs, les syst\u00e8mes \u00e0 mar\u00e9e, de goutte \u00e0 goutte. Mon projet se sp\u00e9cialise &hellip; <\/p>\n<p class=\"link-more\"><a href=\"https:\/\/siteperso.info\/index.php\/robotique\/hydroponie\/presentation\/\" class=\"more-link\">Continuer la lecture<span class=\"screen-reader-text\"> de &laquo;&nbsp;SHI-NFT &#8211; Pr\u00e9sentation&nbsp;&raquo;<\/span><\/a><\/p>\n","protected":false},"author":1,"featured_media":0,"parent":2426,"menu_order":0,"comment_status":"closed","ping_status":"closed","template":"","meta":{"footnotes":""},"class_list":["post-2876","page","type-page","status-publish","hentry"],"_links":{"self":[{"href":"https:\/\/siteperso.info\/index.php\/wp-json\/wp\/v2\/pages\/2876","targetHints":{"allow":["GET"]}}],"collection":[{"href":"https:\/\/siteperso.info\/index.php\/wp-json\/wp\/v2\/pages"}],"about":[{"href":"https:\/\/siteperso.info\/index.php\/wp-json\/wp\/v2\/types\/page"}],"author":[{"embeddable":true,"href":"https:\/\/siteperso.info\/index.php\/wp-json\/wp\/v2\/users\/1"}],"replies":[{"embeddable":true,"href":"https:\/\/siteperso.info\/index.php\/wp-json\/wp\/v2\/comments?post=2876"}],"version-history":[{"count":10,"href":"https:\/\/siteperso.info\/index.php\/wp-json\/wp\/v2\/pages\/2876\/revisions"}],"predecessor-version":[{"id":2990,"href":"https:\/\/siteperso.info\/index.php\/wp-json\/wp\/v2\/pages\/2876\/revisions\/2990"}],"up":[{"embeddable":true,"href":"https:\/\/siteperso.info\/index.php\/wp-json\/wp\/v2\/pages\/2426"}],"wp:attachment":[{"href":"https:\/\/siteperso.info\/index.php\/wp-json\/wp\/v2\/media?parent=2876"}],"curies":[{"name":"wp","href":"https:\/\/api.w.org\/{rel}","templated":true}]}}