{"id":2426,"date":"2022-04-02T22:17:40","date_gmt":"2022-04-02T20:17:40","guid":{"rendered":"https:\/\/siteperso.info\/?page_id=2426"},"modified":"2022-04-09T20:55:14","modified_gmt":"2022-04-09T18:55:14","slug":"hydroponie","status":"publish","type":"page","link":"https:\/\/siteperso.info\/index.php\/robotique\/hydroponie\/","title":{"rendered":"Hydroponie (SHI-NFT 1.0)"},"content":{"rendered":"\n<p><em>Syst\u00e8me Hydroponique Intelligent de Type NFT (Nutriement Film Technique)<\/em><\/p>\n\n\n\n<h2 class=\"has-large-font-size wp-block-heading\"><strong>Sommaire<\/strong><\/h2>\n\n\n\n<p><a href=\"https:\/\/siteperso.info\/index.php\/robotique\/hydroponie\/presentation\/\">Pr\u00e9sentation<\/a><\/p>\n\n\n\n<p><a href=\"https:\/\/siteperso.info\/index.php\/irobotique\/hydroponie\/feuille-de-cout\/\">Feuille de co\u00fbt \/ Liste des mat\u00e9riaux et des pi\u00e8ces<\/a><\/p>\n\n\n\n<p><a href=\"https:\/\/siteperso.info\/index.php\/robotique\/hydroponie\/calendrier\/\">Calendrier des t\u00e2ches<\/a><\/p>\n\n\n\n<p><a href=\"https:\/\/siteperso.info\/index.php\/robotique\/hydroponie\/alimentation-relais-et-arduino\/\">Part 1 : Alimentation, relais et Arduino<\/a><\/p>\n\n\n\n<p><a href=\"https:\/\/siteperso.info\/index.php\/robotique\/hydroponie\/raspberry-pi-wi-fi-et-ecran-tactile\/\">Part 2 : Raspberry Pi, Wi-Fi et \u00e9cran tactile<\/a><\/p>\n\n\n\n<p><a href=\"https:\/\/siteperso.info\/index.php\/robotique\/hydroponie\/pompes-peristaltiques\/\">Part 3.1 : Pompes p\u00e9ristaltiques 8 voies 12Vcc<\/a><\/p>\n\n\n\n<p><a href=\"https:\/\/siteperso.info\/index.php\/robotique\/hydroponie\/bouteilles\/\">Part 3.2 : 8 bouteilles<\/a><\/p>\n\n\n\n<p><a href=\"https:\/\/siteperso.info\/index.php\/pese-bouteille\/\">Part 3.3 : P\u00e8se-bouteille 8 voies<\/a><\/p>\n\n\n\n<p><a href=\"https:\/\/siteperso.info\/index.php\/robotique\/hydroponie\/puisard-capteurs-et-pompe\/\">Part 4 : Puisard, capteurs et pompe<\/a><\/p>\n\n\n\n<p><a href=\"https:\/\/siteperso.info\/index.php\/robotique\/hydroponie\/systeme-nft\/\">Part 5 : Syst\u00e8me rudimentaire de NFT (Nutrient Film Technique)<\/a><\/p>\n\n\n\n<p>Part 6 : 2 Lampes de croissance<\/p>\n\n\n\n<p>Part 7 : Groupe Froid<\/p>\n\n\n\n<p>Part 8 : Vid\u00e9o surveillance<\/p>\n\n\n\n<p><a href=\"https:\/\/siteperso.info\/index.php\/robotique\/hydroponie\/boitier\/\">Boitier<\/a><\/p>\n\n\n\n<p>Interfaces<\/p>\n\n\n\n<p>Outils n\u00e9cessaires<\/p>\n\n\n\n<p>R\u00e9f\u00e9rences<\/p>\n","protected":false},"excerpt":{"rendered":"<p>Syst\u00e8me Hydroponique Intelligent de Type NFT (Nutriement Film Technique) Sommaire Pr\u00e9sentation Feuille de co\u00fbt \/ Liste des mat\u00e9riaux et des pi\u00e8ces Calendrier des t\u00e2ches Part 1 : Alimentation, relais et Arduino Part 2 : Raspberry Pi, Wi-Fi et \u00e9cran tactile Part 3.1 : Pompes p\u00e9ristaltiques 8 voies 12Vcc Part 3.2 : 8 bouteilles Part 3.3 &hellip; <\/p>\n<p class=\"link-more\"><a href=\"https:\/\/siteperso.info\/index.php\/robotique\/hydroponie\/\" class=\"more-link\">Continuer la lecture<span class=\"screen-reader-text\"> de &laquo;&nbsp;Hydroponie (SHI-NFT 1.0)&nbsp;&raquo;<\/span><\/a><\/p>\n","protected":false},"author":1,"featured_media":2259,"parent":2424,"menu_order":0,"comment_status":"closed","ping_status":"closed","template":"","meta":{"footnotes":""},"class_list":["post-2426","page","type-page","status-publish","has-post-thumbnail","hentry"],"_links":{"self":[{"href":"https:\/\/siteperso.info\/index.php\/wp-json\/wp\/v2\/pages\/2426","targetHints":{"allow":["GET"]}}],"collection":[{"href":"https:\/\/siteperso.info\/index.php\/wp-json\/wp\/v2\/pages"}],"about":[{"href":"https:\/\/siteperso.info\/index.php\/wp-json\/wp\/v2\/types\/page"}],"author":[{"embeddable":true,"href":"https:\/\/siteperso.info\/index.php\/wp-json\/wp\/v2\/users\/1"}],"replies":[{"embeddable":true,"href":"https:\/\/siteperso.info\/index.php\/wp-json\/wp\/v2\/comments?post=2426"}],"version-history":[{"count":10,"href":"https:\/\/siteperso.info\/index.php\/wp-json\/wp\/v2\/pages\/2426\/revisions"}],"predecessor-version":[{"id":3005,"href":"https:\/\/siteperso.info\/index.php\/wp-json\/wp\/v2\/pages\/2426\/revisions\/3005"}],"up":[{"embeddable":true,"href":"https:\/\/siteperso.info\/index.php\/wp-json\/wp\/v2\/pages\/2424"}],"wp:featuredmedia":[{"embeddable":true,"href":"https:\/\/siteperso.info\/index.php\/wp-json\/wp\/v2\/media\/2259"}],"wp:attachment":[{"href":"https:\/\/siteperso.info\/index.php\/wp-json\/wp\/v2\/media?parent=2426"}],"curies":[{"name":"wp","href":"https:\/\/api.w.org\/{rel}","templated":true}]}}